{"id":4534,"date":"2015-03-07T14:26:30","date_gmt":"2015-03-07T13:26:30","guid":{"rendered":"http:\/\/elisabeth-karsten.de\/ueber-mich\/"},"modified":"2020-04-25T00:09:50","modified_gmt":"2020-04-24T22:09:50","slug":"about-me","status":"publish","type":"page","link":"https:\/\/elisabeth-karsten.de\/en\/about-me\/","title":{"rendered":"About me"},"content":{"rendered":"<div class=\"wpb-content-wrapper\"><p>[vc_row section_type=&#8221;fullwidth&#8221; padding_top_multiplier=&#8221;&#8221; padding_bottom_multiplier=&#8221;&#8221; columns_gap=&#8221;none&#8221; el_class=&#8221;alternate&#8221;][vc_column]<svg id=\"gambit-row-separator-1\" preserveAspectRatio=\"xMidYMax meet\" class=\"gambit_separator gambit_sep_top gambit-sep-type-wave-side2\" viewBox=\"0 0 1600 200\" style=\"display: none; width: 100%; height: calc(60 \/ 1600 * 100vw)\" data-height=\"60\">\n<path class=\"gambit_sep_decor1\" style=\"opacity: 1;fill: #f6ebf7;\" d=\"M-8,89.2C-8,89.2,189,3,398,3s604,170.7,800,170.7c0,0-184,8.3-348-38.7\nS-8,108-8,108V89.2z\"\/>\n<path class=\"gambit_sep_decor2\" style=\"opacity: 1;fill: #f6ebf7;\" d=\"M-8,89.2c0,0,197-75.7,406-75.7s604,160.1,800,160.1c0,0-120,10.3-319-37.7\nS-8,108-8,108V89.2z\"\/>\n<path class=\"gambit_sep_main\" style=\"\" d=\"M-8,89.2c0,0,197-65.1,406-65.1s604,149.6,800,149.6s412-84.5,412-84.5V287H-8\nV89.2z\"\/><\/svg>[\/vc_column][\/vc_row][vc_row padding_bottom_multiplier=&#8221;3x&#8221; equal_column_height=&#8221;middle-content&#8221; el_class=&#8221;alternate&#8221;][vc_column][vc_column_text]<img loading=\"lazy\" decoding=\"async\" class=\"eut-circle wp-image-3009 alignleft\" src=\"https:\/\/elisabeth-karsten.de\/wp-content\/uploads\/2017\/11\/Elisabeth-Karsten-Portrait-140x140-2.jpg\" alt=\"Elisabeth Karsten\" width=\"70\" height=\"70\" \/>I really like being &#8211; a human, a woman, a friend of creation.<br \/>\nI love people, meeting others and the co-creativity that can emerge.<br \/>\nI love my life and myself.[\/vc_column_text][\/vc_column][\/vc_row][vc_row section_type=&#8221;fullwidth&#8221; bg_type=&#8221;color&#8221; padding_top_multiplier=&#8221;3x&#8221; padding_bottom_multiplier=&#8221;2x&#8221; columns_gap=&#8221;50&#8243; equal_column_height=&#8221;middle-content&#8221; margin_bottom=&#8221;0&#8243; section_id=&#8221;about-me&#8221; el_class=&#8221;fix-height&#8221;][vc_column width=&#8221;1\/3&#8243; tablet_sm_width=&#8221;1-2&#8243;][vc_column_text]<\/p>\n<h2>I am perfectly imperfect<\/h2>\n<p>I can bubble like a mountain spring or calm like a deep lake. I can produce creative order or creative chaos, soothe or rouse and hold on and stabilize with the same force I can let go with and get things moving. I love my strenghts just as much as my vulnerability. I deeply know that in every expression of our shadow, in failure and in pain there is also always a potential waiting to be revealed.[\/vc_column_text][\/vc_column][vc_column width=&#8221;1\/3&#8243; tablet_sm_width=&#8221;1-2&#8243;][vc_column_text]<\/p>\n<h2>My sense of humor and my compassion are infinite<\/h2>\n<p>I don&#8217;t take anything too seriously. Not even myself. And only love as that which is our actual core and deepest connection &#8211; is truly sacred to me. I deeply know that we&#8217;re all junkies of experience otherwise we wouldn&#8217;t be here. And that everything we experience contributes to our growth in consciousness and ultimately our awareness as conscious creators. By accepting what is we can strengthen our ability to love ourselves and others more unconditionally.[\/vc_column_text][\/vc_column][vc_column width=&#8221;1\/3&#8243; tablet_sm_width=&#8221;1-2&#8243;][vc_column_text]<\/p>\n<h2>I love celebrating our individual and collective potential as creators<\/h2>\n<p>The unfathomable diversity of creation, the shere abundance of life and the particular uniqueness of every human being and his or her life never cease to touch me and often makes me humble. I feel awe considering what is possible in truth and am deeply grateful for all the good that each of us creates for himself and others.[\/vc_column_text][\/vc_column][vc_column width=&#8221;1\/3&#8243; tablet_sm_width=&#8221;1-2&#8243;][vc_column_text]<\/p>\n<h2>I&#8217;m a change enthusiast<\/h2>\n<p>I truly love change when it leads to growth. I dislike stagnation &#8211; it&#8217;s the swamp where gnats and pestilence thrive, like unhealthy belief systems and fears. Problems bore me and good solutions inspire me. I love endings and beginnings.[\/vc_column_text][\/vc_column][vc_column width=&#8221;1\/3&#8243; tablet_sm_width=&#8221;1-2&#8243;][vc_column_text]<\/p>\n<h2>I have a sense for the dictate of the moment<\/h2>\n<p>I can clearly sense what the underlying theme of a situation is &#8211; independent of all ideas and demands, of all exhausting drama and seemingly important side shows. I can listen really well, to mind, heart and soul and I can place an impulse, like needles of acupuncture, that can have a long lasting positive effect.[\/vc_column_text][\/vc_column][vc_column width=&#8221;1\/3&#8243; tablet_sm_width=&#8221;1-2&#8243;][vc_column_text]<\/p>\n<h2>I am a midwife of becoming<\/h2>\n<p>I help everything that wants to emerge through e or through others into our physical life. For we are all learning to become conscious creators and become ever more loving and conscious.\u00a0I know of the alchemy of encounters, of words and of stories &#8211; and when the &#8216;mixture&#8217; is just right, magic happens and real transformation becomes possible.[\/vc_column_text][\/vc_column][\/vc_row][vc_row section_type=&#8221;fullwidth&#8221; bg_type=&#8221;color&#8221; padding_top_multiplier=&#8221;3x&#8221; bg_color=&#8221;#ffffff&#8221;][vc_column width=&#8221;1\/4&#8243; tablet_width=&#8221;1-12&#8243; tablet_sm_width=&#8221;hide&#8221; mobile_width=&#8221;hide&#8221;]<div class=\"eut-element eut-image eut-align-center\" style=\"\"><a href=\"https:\/\/elisabeth-karsten.de\/wp-content\/uploads\/2018\/02\/Elisabth-Karsten-big.jpg\" target=\"_self\" class=\" eut-image-popup\"><img loading=\"lazy\" decoding=\"async\" width=\"150\" height=\"150\" src=\"https:\/\/elisabeth-karsten.de\/wp-content\/uploads\/2017\/11\/Elisabeth-Karsten-Portrait-300x300-1.jpg\" class=\"eut-circle attachment-thumbnail size-thumbnail\" alt=\"Elisabeth Karsten\" \/><\/a><\/div>[\/vc_column][vc_column width=&#8221;1\/2&#8243; tablet_width=&#8221;5-6&#8243; tablet_sm_width=&#8221;1&#8243;][vc_tta_tabs active_section=&#8221;1&#8243; css=&#8221;.vc_custom_1517064541282{border-radius: 1px !important;}&#8221;][vc_tta_section title=&#8221;Activities&#8221; tab_id=&#8221;1511356128995-c4d5c8fe-65bf&#8221;][vc_column_text]Life coach, author, translator, ritual designer<\/p>\n<p>Furthermore: fan of change, applied mythologist and game developer.<br \/>\nFormerly: lecturer, screen writer, script consultant, dramaturgue, script constellationist, entrepreneur, online editor, event manager and in even former times costume- and set designer, chef and ambulant secretary[\/vc_column_text][\/vc_tta_section][vc_tta_section title=&#8221;Education&#8221; tab_id=&#8221;1511356129033-9cf6f6c3-1ce7&#8243;][vc_column_text]I&#8217;ve certainly learned most through life itself and my deliberate exploration of our consciousness. In experiments of my own as well as participant in seminars on shamanism, metaphysics, psychotherapy, body psychotherapy, trauma therapy, sound healing etc.<\/p>\n<table class=\"minimal\">\n<tbody>\n<tr style=\"height: 10px;\">\n<td style=\"height: 10px;\">2002-5<\/td>\n<td style=\"height: 10px;\">Seminars on systemic constellations with Matthias Varga von Kib\u00e9d and Insa Sparrer, Viktoria Sn\u00e9 Schnabel and Heimo and Sabine S\u00f6lter.<\/td>\n<\/tr>\n<tr style=\"height: 8px;\">\n<td style=\"height: 8px;\">1996-99<\/td>\n<td style=\"height: 8px;\">Screenwriting (MfA) at Columbia University, New York, USA<\/p>\n<p>Screenwriting workshops with Frank Daniels, Linda Seger, Keith Cunningham and Tom Schlesinger<\/td>\n<\/tr>\n<tr style=\"height: 52px;\">\n<td style=\"height: 52px;\">1987-92<\/td>\n<td style=\"height: 52px;\">Theatre Science, History of Art and\u00a0German\u00a0Literature at Erlangen University, Erlangen, Germany<b><\/b><i><\/i><u><\/u><\/td>\n<\/tr>\n<tr style=\"height: 28px;\">\n<td style=\"height: 28px;\">1986-87<b><\/b><i><\/i><u><\/u><\/td>\n<td style=\"height: 28px;\">Scholarship at Mount Holyoke College, USA<b><\/b><i><\/i><u><\/u><\/td>\n<\/tr>\n<\/tbody>\n<\/table>\n<p>[\/vc_column_text][\/vc_tta_section][vc_tta_section title=&#8221;Awards&#8221; tab_id=&#8221;1511356167039-1ffe076d-38ff&#8221;][vc_column_text]Barnes &amp; Nobles Award for Best Young Screenwriter 1998<br \/>\nK\u00f6lner KunstSalon Screenwriting Award 1996[\/vc_column_text][\/vc_tta_section][\/vc_tta_tabs][\/vc_column][vc_column width=&#8221;1\/4&#8243;][\/vc_column][\/vc_row][vc_row section_type=&#8221;fullwidth&#8221; padding_top_multiplier=&#8221;&#8221; padding_bottom_multiplier=&#8221;2x&#8221; columns_gap=&#8221;none&#8221; el_class=&#8221;bg-white footer-separator&#8221;][vc_column]<svg id=\"gambit-row-separator-2\" preserveAspectRatio=\"xMidYMax meet\" class=\"gambit_separator gambit_sep_bottom gambit-sep-type-wave-side2\" viewBox=\"0 0 1600 200\" style=\"display: none; width: 100%; height: calc(60 \/ 1600 * 100vw)\" data-height=\"60\">\n<path class=\"gambit_sep_decor1\" style=\"opacity: 1;fill: #ffffff;\" d=\"M-8,89.2C-8,89.2,189,3,398,3s604,170.7,800,170.7c0,0-184,8.3-348-38.7\nS-8,108-8,108V89.2z\"\/>\n<path class=\"gambit_sep_decor2\" style=\"opacity: 1;fill: #ffffff;\" d=\"M-8,89.2c0,0,197-75.7,406-75.7s604,160.1,800,160.1c0,0-120,10.3-319-37.7\nS-8,108-8,108V89.2z\"\/>\n<path class=\"gambit_sep_main\" style=\"\" d=\"M-8,89.2c0,0,197-65.1,406-65.1s604,149.6,800,149.6s412-84.5,412-84.5V287H-8\nV89.2z\"\/><\/svg>[\/vc_column][\/vc_row]<\/p>\n<\/div>","protected":false},"excerpt":{"rendered":"<p>[vc_row section_type=&#8221;fullwidth&#8221; padding_top_multiplier=&#8221;&#8221; padding_bottom_multiplier=&#8221;&#8221; columns_gap=&#8221;none&#8221; el_class=&#8221;alternate&#8221;][vc_column][\/vc_column][\/vc_row][vc_row padding_bottom_multiplier=&#8221;3x&#8221; equal_column_height=&#8221;middle-content&#8221; el_class=&#8221;alternate&#8221;][vc_column][vc_column_text]I really like being &#8211; a human, a woman, a friend of creation. I love people, meeting others and the co-creativity that can emerge. I love my life and myself.[\/vc_column_text][\/vc_column][\/vc_row][vc_row section_type=&#8221;fullwidth&#8221; bg_type=&#8221;color&#8221; padding_top_multiplier=&#8221;3x&#8221; padding_bottom_multiplier=&#8221;2x&#8221; columns_gap=&#8221;50&#8243; equal_column_height=&#8221;middle-content&#8221; margin_bottom=&#8221;0&#8243; section_id=&#8221;about-me&#8221; el_class=&#8221;fix-height&#8221;][vc_column width=&#8221;1\/3&#8243; tablet_sm_width=&#8221;1-2&#8243;][vc_column_text] I am perfectly imperfect I can [&hellip;]<\/p>\n","protected":false},"author":2,"featured_media":4617,"parent":0,"menu_order":0,"comment_status":"open","ping_status":"open","template":"","meta":{"footnotes":""},"class_list":["post-4534","page","type-page","status-publish","has-post-thumbnail","hentry"],"yoast_head":"<!-- This site is optimized with the Yoast SEO plugin v26.0 - https:\/\/yoast.com\/wordpress\/plugins\/seo\/ -->\n<title>About me - Elisabeth Karsten<\/title>\n<meta name=\"robots\" content=\"index, follow, max-snippet:-1, max-image-preview:large, max-video-preview:-1\" \/>\n<link rel=\"canonical\" href=\"https:\/\/elisabeth-karsten.de\/en\/about-me\/\" \/>\n<meta property=\"og:locale\" content=\"en_US\" \/>\n<meta property=\"og:type\" content=\"article\" \/>\n<meta property=\"og:title\" content=\"About me - Elisabeth Karsten\" \/>\n<meta property=\"og:description\" content=\"[vc_row section_type=&#8221;fullwidth&#8221; padding_top_multiplier=&#8221;&#8221; padding_bottom_multiplier=&#8221;&#8221; columns_gap=&#8221;none&#8221; el_class=&#8221;alternate&#8221;][vc_column][\/vc_column][\/vc_row][vc_row padding_bottom_multiplier=&#8221;3x&#8221; equal_column_height=&#8221;middle-content&#8221; el_class=&#8221;alternate&#8221;][vc_column][vc_column_text]I really like being &#8211; a human, a woman, a friend of creation. I love people, meeting others and the co-creativity that can emerge. I love my life and myself.[\/vc_column_text][\/vc_column][\/vc_row][vc_row section_type=&#8221;fullwidth&#8221; bg_type=&#8221;color&#8221; padding_top_multiplier=&#8221;3x&#8221; padding_bottom_multiplier=&#8221;2x&#8221; columns_gap=&#8221;50&#8243; equal_column_height=&#8221;middle-content&#8221; margin_bottom=&#8221;0&#8243; section_id=&#8221;about-me&#8221; el_class=&#8221;fix-height&#8221;][vc_column width=&#8221;1\/3&#8243; tablet_sm_width=&#8221;1-2&#8243;][vc_column_text] I am perfectly imperfect I can [&hellip;]\" \/>\n<meta property=\"og:url\" content=\"https:\/\/elisabeth-karsten.de\/en\/about-me\/\" \/>\n<meta property=\"og:site_name\" content=\"Elisabeth Karsten\" \/>\n<meta property=\"article:modified_time\" content=\"2020-04-24T22:09:50+00:00\" \/>\n<meta property=\"og:image\" content=\"https:\/\/elisabeth-karsten.de\/wp-content\/uploads\/2018\/02\/PicMe5a.jpg\" \/>\n\t<meta property=\"og:image:width\" content=\"3807\" \/>\n\t<meta property=\"og:image:height\" content=\"1867\" \/>\n\t<meta property=\"og:image:type\" content=\"image\/jpeg\" \/>\n<meta name=\"twitter:card\" content=\"summary_large_image\" \/>\n<meta name=\"twitter:site\" content=\"@mythicbalance\" \/>\n<meta name=\"twitter:label1\" content=\"Est. reading time\" \/>\n\t<meta name=\"twitter:data1\" content=\"5 minutes\" \/>\n<script type=\"application\/ld+json\" class=\"yoast-schema-graph\">{\"@context\":\"https:\/\/schema.org\",\"@graph\":[{\"@type\":\"WebPage\",\"@id\":\"https:\/\/elisabeth-karsten.de\/en\/about-me\/\",\"url\":\"https:\/\/elisabeth-karsten.de\/en\/about-me\/\",\"name\":\"About me - Elisabeth Karsten\",\"isPartOf\":{\"@id\":\"https:\/\/elisabeth-karsten.de\/en\/#website\"},\"primaryImageOfPage\":{\"@id\":\"https:\/\/elisabeth-karsten.de\/en\/about-me\/#primaryimage\"},\"image\":{\"@id\":\"https:\/\/elisabeth-karsten.de\/en\/about-me\/#primaryimage\"},\"thumbnailUrl\":\"https:\/\/elisabeth-karsten.de\/wp-content\/uploads\/2018\/02\/PicMe5a-scaled.jpg\",\"datePublished\":\"2015-03-07T13:26:30+00:00\",\"dateModified\":\"2020-04-24T22:09:50+00:00\",\"breadcrumb\":{\"@id\":\"https:\/\/elisabeth-karsten.de\/en\/about-me\/#breadcrumb\"},\"inLanguage\":\"en-US\",\"potentialAction\":[{\"@type\":\"ReadAction\",\"target\":[\"https:\/\/elisabeth-karsten.de\/en\/about-me\/\"]}]},{\"@type\":\"ImageObject\",\"inLanguage\":\"en-US\",\"@id\":\"https:\/\/elisabeth-karsten.de\/en\/about-me\/#primaryimage\",\"url\":\"https:\/\/elisabeth-karsten.de\/wp-content\/uploads\/2018\/02\/PicMe5a-scaled.jpg\",\"contentUrl\":\"https:\/\/elisabeth-karsten.de\/wp-content\/uploads\/2018\/02\/PicMe5a-scaled.jpg\",\"width\":2560,\"height\":1255},{\"@type\":\"BreadcrumbList\",\"@id\":\"https:\/\/elisabeth-karsten.de\/en\/about-me\/#breadcrumb\",\"itemListElement\":[{\"@type\":\"ListItem\",\"position\":1,\"name\":\"Startseite\",\"item\":\"https:\/\/elisabeth-karsten.de\/en\/\"},{\"@type\":\"ListItem\",\"position\":2,\"name\":\"About me\"}]},{\"@type\":\"WebSite\",\"@id\":\"https:\/\/elisabeth-karsten.de\/en\/#website\",\"url\":\"https:\/\/elisabeth-karsten.de\/en\/\",\"name\":\"Elisabeth Karsten\",\"description\":\"Mit Freude wandeln - ob als Lebenscoach oder Autorin gilt meine Leidenschaft unserem individuellen und kollektiven Potenzial\",\"publisher\":{\"@id\":\"https:\/\/elisabeth-karsten.de\/en\/#\/schema\/person\/2f6bcbd9b1599a99983c82bb27437228\"},\"potentialAction\":[{\"@type\":\"SearchAction\",\"target\":{\"@type\":\"EntryPoint\",\"urlTemplate\":\"https:\/\/elisabeth-karsten.de\/en\/?s={search_term_string}\"},\"query-input\":{\"@type\":\"PropertyValueSpecification\",\"valueRequired\":true,\"valueName\":\"search_term_string\"}}],\"inLanguage\":\"en-US\"},{\"@type\":[\"Person\",\"Organization\"],\"@id\":\"https:\/\/elisabeth-karsten.de\/en\/#\/schema\/person\/2f6bcbd9b1599a99983c82bb27437228\",\"name\":\"Elisabeth\",\"image\":{\"@type\":\"ImageObject\",\"inLanguage\":\"en-US\",\"@id\":\"https:\/\/elisabeth-karsten.de\/en\/#\/schema\/person\/image\/\",\"url\":\"https:\/\/secure.gravatar.com\/avatar\/b99d7020c18bf6e40c97991a4d9b0b41e1f9deda40e8f0a1a643f1d1338c48aa?s=96&d=mm&r=g\",\"contentUrl\":\"https:\/\/secure.gravatar.com\/avatar\/b99d7020c18bf6e40c97991a4d9b0b41e1f9deda40e8f0a1a643f1d1338c48aa?s=96&d=mm&r=g\",\"caption\":\"Elisabeth\"},\"logo\":{\"@id\":\"https:\/\/elisabeth-karsten.de\/en\/#\/schema\/person\/image\/\"},\"sameAs\":[\"https:\/\/elisabeth-karsten.de\/\"]}]}<\/script>\n<!-- \/ Yoast SEO plugin. -->","yoast_head_json":{"title":"About me - Elisabeth Karsten","robots":{"index":"index","follow":"follow","max-snippet":"max-snippet:-1","max-image-preview":"max-image-preview:large","max-video-preview":"max-video-preview:-1"},"canonical":"https:\/\/elisabeth-karsten.de\/en\/about-me\/","og_locale":"en_US","og_type":"article","og_title":"About me - Elisabeth Karsten","og_description":"[vc_row section_type=&#8221;fullwidth&#8221; padding_top_multiplier=&#8221;&#8221; padding_bottom_multiplier=&#8221;&#8221; columns_gap=&#8221;none&#8221; el_class=&#8221;alternate&#8221;][vc_column][\/vc_column][\/vc_row][vc_row padding_bottom_multiplier=&#8221;3x&#8221; equal_column_height=&#8221;middle-content&#8221; el_class=&#8221;alternate&#8221;][vc_column][vc_column_text]I really like being &#8211; a human, a woman, a friend of creation. I love people, meeting others and the co-creativity that can emerge. I love my life and myself.[\/vc_column_text][\/vc_column][\/vc_row][vc_row section_type=&#8221;fullwidth&#8221; bg_type=&#8221;color&#8221; padding_top_multiplier=&#8221;3x&#8221; padding_bottom_multiplier=&#8221;2x&#8221; columns_gap=&#8221;50&#8243; equal_column_height=&#8221;middle-content&#8221; margin_bottom=&#8221;0&#8243; section_id=&#8221;about-me&#8221; el_class=&#8221;fix-height&#8221;][vc_column width=&#8221;1\/3&#8243; tablet_sm_width=&#8221;1-2&#8243;][vc_column_text] I am perfectly imperfect I can [&hellip;]","og_url":"https:\/\/elisabeth-karsten.de\/en\/about-me\/","og_site_name":"Elisabeth Karsten","article_modified_time":"2020-04-24T22:09:50+00:00","og_image":[{"width":3807,"height":1867,"url":"https:\/\/elisabeth-karsten.de\/wp-content\/uploads\/2018\/02\/PicMe5a.jpg","type":"image\/jpeg"}],"twitter_card":"summary_large_image","twitter_site":"@mythicbalance","twitter_misc":{"Est. reading time":"5 minutes"},"schema":{"@context":"https:\/\/schema.org","@graph":[{"@type":"WebPage","@id":"https:\/\/elisabeth-karsten.de\/en\/about-me\/","url":"https:\/\/elisabeth-karsten.de\/en\/about-me\/","name":"About me - Elisabeth Karsten","isPartOf":{"@id":"https:\/\/elisabeth-karsten.de\/en\/#website"},"primaryImageOfPage":{"@id":"https:\/\/elisabeth-karsten.de\/en\/about-me\/#primaryimage"},"image":{"@id":"https:\/\/elisabeth-karsten.de\/en\/about-me\/#primaryimage"},"thumbnailUrl":"https:\/\/elisabeth-karsten.de\/wp-content\/uploads\/2018\/02\/PicMe5a-scaled.jpg","datePublished":"2015-03-07T13:26:30+00:00","dateModified":"2020-04-24T22:09:50+00:00","breadcrumb":{"@id":"https:\/\/elisabeth-karsten.de\/en\/about-me\/#breadcrumb"},"inLanguage":"en-US","potentialAction":[{"@type":"ReadAction","target":["https:\/\/elisabeth-karsten.de\/en\/about-me\/"]}]},{"@type":"ImageObject","inLanguage":"en-US","@id":"https:\/\/elisabeth-karsten.de\/en\/about-me\/#primaryimage","url":"https:\/\/elisabeth-karsten.de\/wp-content\/uploads\/2018\/02\/PicMe5a-scaled.jpg","contentUrl":"https:\/\/elisabeth-karsten.de\/wp-content\/uploads\/2018\/02\/PicMe5a-scaled.jpg","width":2560,"height":1255},{"@type":"BreadcrumbList","@id":"https:\/\/elisabeth-karsten.de\/en\/about-me\/#breadcrumb","itemListElement":[{"@type":"ListItem","position":1,"name":"Startseite","item":"https:\/\/elisabeth-karsten.de\/en\/"},{"@type":"ListItem","position":2,"name":"About me"}]},{"@type":"WebSite","@id":"https:\/\/elisabeth-karsten.de\/en\/#website","url":"https:\/\/elisabeth-karsten.de\/en\/","name":"Elisabeth Karsten","description":"Mit Freude wandeln - ob als Lebenscoach oder Autorin gilt meine Leidenschaft unserem individuellen und kollektiven Potenzial","publisher":{"@id":"https:\/\/elisabeth-karsten.de\/en\/#\/schema\/person\/2f6bcbd9b1599a99983c82bb27437228"},"potentialAction":[{"@type":"SearchAction","target":{"@type":"EntryPoint","urlTemplate":"https:\/\/elisabeth-karsten.de\/en\/?s={search_term_string}"},"query-input":{"@type":"PropertyValueSpecification","valueRequired":true,"valueName":"search_term_string"}}],"inLanguage":"en-US"},{"@type":["Person","Organization"],"@id":"https:\/\/elisabeth-karsten.de\/en\/#\/schema\/person\/2f6bcbd9b1599a99983c82bb27437228","name":"Elisabeth","image":{"@type":"ImageObject","inLanguage":"en-US","@id":"https:\/\/elisabeth-karsten.de\/en\/#\/schema\/person\/image\/","url":"https:\/\/secure.gravatar.com\/avatar\/b99d7020c18bf6e40c97991a4d9b0b41e1f9deda40e8f0a1a643f1d1338c48aa?s=96&d=mm&r=g","contentUrl":"https:\/\/secure.gravatar.com\/avatar\/b99d7020c18bf6e40c97991a4d9b0b41e1f9deda40e8f0a1a643f1d1338c48aa?s=96&d=mm&r=g","caption":"Elisabeth"},"logo":{"@id":"https:\/\/elisabeth-karsten.de\/en\/#\/schema\/person\/image\/"},"sameAs":["https:\/\/elisabeth-karsten.de\/"]}]}},"_links":{"self":[{"href":"https:\/\/elisabeth-karsten.de\/en\/wp-json\/wp\/v2\/pages\/4534","targetHints":{"allow":["GET"]}}],"collection":[{"href":"https:\/\/elisabeth-karsten.de\/en\/wp-json\/wp\/v2\/pages"}],"about":[{"href":"https:\/\/elisabeth-karsten.de\/en\/wp-json\/wp\/v2\/types\/page"}],"author":[{"embeddable":true,"href":"https:\/\/elisabeth-karsten.de\/en\/wp-json\/wp\/v2\/users\/2"}],"replies":[{"embeddable":true,"href":"https:\/\/elisabeth-karsten.de\/en\/wp-json\/wp\/v2\/comments?post=4534"}],"version-history":[{"count":0,"href":"https:\/\/elisabeth-karsten.de\/en\/wp-json\/wp\/v2\/pages\/4534\/revisions"}],"wp:featuredmedia":[{"embeddable":true,"href":"https:\/\/elisabeth-karsten.de\/en\/wp-json\/wp\/v2\/media\/4617"}],"wp:attachment":[{"href":"https:\/\/elisabeth-karsten.de\/en\/wp-json\/wp\/v2\/media?parent=4534"}],"curies":[{"name":"wp","href":"https:\/\/api.w.org\/{rel}","templated":true}]}}